{"id":592,"date":"2021-09-14T23:26:55","date_gmt":"2021-09-14T23:26:55","guid":{"rendered":"https:\/\/talent.toe.edu.pl\/?page_id=592"},"modified":"2021-09-22T06:27:48","modified_gmt":"2021-09-22T06:27:48","slug":"co-robimy","status":"publish","type":"page","link":"https:\/\/talent.toe.edu.pl\/index.php\/co-robimy\/","title":{"rendered":"CO ROBIMY"},"content":{"rendered":"<p>[et_pb_section fb_built=&#8221;1&#8243; custom_padding_last_edited=&#8221;on|desktop&#8221; admin_label=&#8221;Header&#8221; _builder_version=&#8221;3.22&#8243; background_color=&#8221;#ffffda&#8221; background_image=&#8221;https:\/\/talent.toe.edu.pl\/wp-content\/uploads\/2021\/09\/home-improvement-63-1.png&#8221; parallax=&#8221;on&#8221; custom_padding=&#8221;10vw||0vw||false|false&#8221; custom_padding_tablet=&#8221;||70px&#8221; custom_padding_phone=&#8221;&#8221; global_colors_info=&#8221;{}&#8221;][et_pb_row _builder_version=&#8221;4.10.7&#8243; background_color=&#8221;#68413f&#8221; background_size=&#8221;initial&#8221; background_position=&#8221;top_left&#8221; background_repeat=&#8221;repeat&#8221; max_width=&#8221;1377px&#8221; custom_margin=&#8221;|78px||0px||&#8221; custom_padding=&#8221;13px|10%||10%||true&#8221; animation_style=&#8221;slide&#8221; animation_direction=&#8221;left&#8221; animation_intensity_slide=&#8221;2%&#8221; border_radii=&#8221;||6px|6px|&#8221; border_width_right=&#8221;30px&#8221; border_color_right=&#8221;#bdada0&#8243; use_custom_width=&#8221;on&#8221; custom_width_px=&#8221;960px&#8221; locked=&#8221;off&#8221; global_colors_info=&#8221;{}&#8221;][et_pb_column type=&#8221;4_4&#8243; _builder_version=&#8221;3.25&#8243; custom_padding=&#8221;|||&#8221; custom_padding_tablet=&#8221;|||10%&#8221; custom_padding_last_edited=&#8221;off|desktop&#8221; global_colors_info=&#8221;{}&#8221; padding_tablet=&#8221;|||10%&#8221; padding_last_edited=&#8221;off|desktop&#8221; custom_padding__hover=&#8221;|||&#8221;][et_pb_text admin_label=&#8221;Title&#8221; _builder_version=&#8221;3.27.4&#8243; text_font=&#8221;||||||||&#8221; header_font=&#8221;Abhaya Libre|700|||||||&#8221; header_font_size=&#8221;70px&#8221; header_line_height=&#8221;1.2em&#8221; header_4_font=&#8221;||||||||&#8221; background_layout=&#8221;dark&#8221; custom_margin=&#8221;|||&#8221; custom_padding=&#8221;|||&#8221; header_font_size_tablet=&#8221;40px&#8221; header_font_size_phone=&#8221;&#8221; header_font_size_last_edited=&#8221;on|tablet&#8221; global_colors_info=&#8221;{}&#8221;]<\/p>\n<h1>Co robimy?<\/h1>\n<p>[\/et_pb_text][\/et_pb_column][\/et_pb_row][et_pb_row column_structure=&#8221;3_5,2_5&#8243; _builder_version=&#8221;3.25&#8243; custom_padding=&#8221;4px|||||&#8221; global_colors_info=&#8221;{}&#8221;][et_pb_column type=&#8221;3_5&#8243; _builder_version=&#8221;3.25&#8243; custom_padding=&#8221;|||&#8221; custom_padding_tablet=&#8221;0px|||&#8221; custom_padding_phone=&#8221;&#8221; custom_padding_last_edited=&#8221;on|tablet&#8221; global_colors_info=&#8221;{}&#8221; custom_padding__hover=&#8221;|||&#8221;][et_pb_text _builder_version=&#8221;4.10.7&#8243; text_font=&#8221;||||||||&#8221; text_font_size=&#8221;18px&#8221; text_line_height=&#8221;2em&#8221; header_font=&#8221;Limelight||||||||&#8221; header_text_color=&#8221;#000000&#8243; header_font_size=&#8221;100px&#8221; header_line_height=&#8221;1.2em&#8221; custom_margin=&#8221;||60px&#8221; custom_margin_tablet=&#8221;||30px|&#8221; custom_margin_phone=&#8221;&#8221; custom_margin_last_edited=&#8221;on|tablet&#8221; custom_padding=&#8221;0px|||||&#8221; text_font_size_tablet=&#8221;&#8221; text_font_size_phone=&#8221;14px&#8221; text_font_size_last_edited=&#8221;on|phone&#8221; header_font_size_tablet=&#8221;40px&#8221; header_font_size_phone=&#8221;35px&#8221; header_font_size_last_edited=&#8221;on|phone&#8221; global_colors_info=&#8221;{}&#8221;]<\/p>\n<h2><\/h2>\n<p><strong>Wsp\u00f3\u0142organizujemy koncerty i wyst\u0119py uczni\u00f3w<\/strong><br \/><strong>Prowadzimy publiczne prezentacje dokona\u0144 i tw\u00f3rczo\u015bci<\/strong><br \/><strong>Nabywamy umiej\u0119tno\u015bci autoprezentacji i publicznych wyst\u0105pie\u0144<br \/><\/strong><strong>Tworzymy zespo\u0142y zadaniowe i uczymy si\u0119 nimi zarz\u0105dza\u0107<br \/><\/strong><strong>Pracujemy w grupach zadaniowych<\/strong><br \/><strong>Wyst\u0119pujemy przed sob\u0105 (w grupach) oraz przed szerszym gronem<\/strong><br \/><strong>Tworzymy studio nagra\u0144 \u2013 produkcja materia\u0142\u00f3w dot. szko\u0142y i realizacja w\u0142asnych pomys\u0142\u00f3w<\/strong><br \/><strong>Prowadzimy nauk\u0119 monta\u017cu film\u00f3w<\/strong><br \/><strong>Prowadzimy nauk\u0119 monta\u017cu muzyki<\/strong><br \/><strong>Organizujemy spotkania z dziennikarzami \u2013 nauka jak prowadzi\u0107 wywiady<\/strong><br \/><strong>Uczymy si\u0119 prowadzenia wywiad\u00f3w<br \/><\/strong><strong>Uczymy si\u0119 zdobywania temat\u00f3w oraz negocjowania czasu i sposobu ich prezentacji<\/strong><\/p>\n<p>[\/et_pb_text][\/et_pb_column][et_pb_column type=&#8221;2_5&#8243; _builder_version=&#8221;3.25&#8243; custom_padding=&#8221;|||&#8221; global_colors_info=&#8221;{}&#8221; custom_padding__hover=&#8221;|||&#8221;][\/et_pb_column][\/et_pb_row][\/et_pb_section]<\/p>\n","protected":false},"excerpt":{"rendered":"<p>Co robimy? Wsp\u00f3\u0142organizujemy koncerty i wyst\u0119py uczni\u00f3wProwadzimy publiczne prezentacje dokona\u0144 i tw\u00f3rczo\u015bciNabywamy umiej\u0119tno\u015bci autoprezentacji i publicznych wyst\u0105pie\u0144Tworzymy zespo\u0142y zadaniowe i uczymy si\u0119 nimi zarz\u0105dza\u0107Pracujemy w grupach zadaniowychWyst\u0119pujemy przed sob\u0105 (w grupach) oraz przed szerszym gronemTworzymy studio nagra\u0144 \u2013 produkcja materia\u0142\u00f3w dot. szko\u0142y i realizacja w\u0142asnych pomys\u0142\u00f3wProwadzimy nauk\u0119 monta\u017cu film\u00f3wProwadzimy nauk\u0119 monta\u017cu muzykiOrganizujemy spotkania z dziennikarzami [&hellip;]<\/p>\n","protected":false},"author":2,"featured_media":57,"parent":0,"menu_order":0,"comment_status":"closed","ping_status":"closed","template":"","meta":{"_et_pb_use_builder":"on","_et_pb_old_content":"","_et_gb_content_width":"","footnotes":""},"class_list":["post-592","page","type-page","status-publish","has-post-thumbnail","hentry"],"_links":{"self":[{"href":"https:\/\/talent.toe.edu.pl\/index.php\/wp-json\/wp\/v2\/pages\/592","targetHints":{"allow":["GET"]}}],"collection":[{"href":"https:\/\/talent.toe.edu.pl\/index.php\/wp-json\/wp\/v2\/pages"}],"about":[{"href":"https:\/\/talent.toe.edu.pl\/index.php\/wp-json\/wp\/v2\/types\/page"}],"author":[{"embeddable":true,"href":"https:\/\/talent.toe.edu.pl\/index.php\/wp-json\/wp\/v2\/users\/2"}],"replies":[{"embeddable":true,"href":"https:\/\/talent.toe.edu.pl\/index.php\/wp-json\/wp\/v2\/comments?post=592"}],"version-history":[{"count":11,"href":"https:\/\/talent.toe.edu.pl\/index.php\/wp-json\/wp\/v2\/pages\/592\/revisions"}],"predecessor-version":[{"id":705,"href":"https:\/\/talent.toe.edu.pl\/index.php\/wp-json\/wp\/v2\/pages\/592\/revisions\/705"}],"wp:featuredmedia":[{"embeddable":true,"href":"https:\/\/talent.toe.edu.pl\/index.php\/wp-json\/wp\/v2\/media\/57"}],"wp:attachment":[{"href":"https:\/\/talent.toe.edu.pl\/index.php\/wp-json\/wp\/v2\/media?parent=592"}],"curies":[{"name":"wp","href":"https:\/\/api.w.org\/{rel}","templated":true}]}}